{"id":7417,"date":"2024-12-21T14:56:21","date_gmt":"2024-12-21T13:56:21","guid":{"rendered":"https:\/\/tulasdit.fr\/blog\/recettes-faciles-et-economiques-2\/quelles-recettes-economiques-pour-les-repas-en-famille\/comment-faire-un-repas-complet-pour-moins-de-10-euros\/"},"modified":"2024-12-21T14:56:21","modified_gmt":"2024-12-21T13:56:21","slug":"comment-faire-un-repas-complet-pour-moins-de-10-euros","status":"publish","type":"page","link":"https:\/\/tulasdit.fr\/blog\/recettes-faciles-et-economiques-2\/quelles-recettes-economiques-pour-les-repas-en-famille\/comment-faire-un-repas-complet-pour-moins-de-10-euros\/","title":{"rendered":"Comment faire un repas complet pour moins de 10 euros ?"},"content":{"rendered":"\n\n<p>Dans un monde o\u00f9 les prix des courses ne cessent d\u2019augmenter, il devient crucial de<strong> ma\u00eetriser l&rsquo;art de cuisiner<\/strong> des repas savoureux <strong>sans exploser son budget<\/strong>. Que vous soyez \u00e9tudiant, famille nombreuse ou simplement soucieux de vos finances, il est possible de concocter un <strong>repas complet<\/strong> qui ravira vos papilles, sans d\u00e9passer <strong>10 euros<\/strong>. Dans cet article, nous allons explorer des astuces et des recettes qui vous permettront de profiter d\u2019aliments sains et vari\u00e9s, tout en respectant votre porte-monnaie. Alors, pr\u00e9parez-vous \u00e0 d\u00e9couvrir une cuisine <strong>\u00e9conomique et d\u00e9licieuse<\/strong> !<\/p>\n\n\n\n<p>Il est <strong>essentiel<\/strong> de savoir pr\u00e9parer des <strong>repas complets<\/strong> \u00e0 petit budget pour plusieurs raisons. Tout d&rsquo;abord, dans une soci\u00e9t\u00e9 o\u00f9 le co\u00fbt de la vie ne cesse d&rsquo;augmenter, la ma\u00eetrise de la cuisine \u00e0 moindre co\u00fbt permet de garder le contr\u00f4le sur ses <strong>d\u00e9penses alimentaires<\/strong>. Une alimentation on\u00e9reuse peut rapidement mener \u00e0 des <strong>difficult\u00e9s financi\u00e8res<\/strong>, rendant la gestion du budget familial tr\u00e8s complexe.<\/p>\n\n\n<p>Les cons\u00e9quences d&rsquo;une alimentation co\u00fbteuse se manifestent non seulement sur le plan \u00e9conomique, mais \u00e9galement sur la sant\u00e9. Lorsque les aliments sains et nutritifs deviennent inaccessibles, il est tentant de se tourner vers des options moins ch\u00e8res mais souvent <strong>transform\u00e9es<\/strong>, qui sont g\u00e9n\u00e9ralement riches en sucres, en graisses et en additifs. Cette situation peut entra\u00eener des <strong>probl\u00e8mes de sant\u00e9<\/strong> \u00e0 long terme, tels que l&rsquo;ob\u00e9sit\u00e9 ou les maladies cardiovasculaires.<\/p>\n\n\n<p>A contrario, une <strong>alimentation abordable<\/strong> permet d\u2019adopter un mode de vie sain et \u00e9quilibr\u00e9, tout en respectant son budget. En privil\u00e9giant des ingr\u00e9dients tels que les l\u00e9gumes de saison, les l\u00e9gumineuses et les c\u00e9r\u00e9ales, il est possible de composer des plats savoureux, nutritifs et \u00e9conomiques. De plus, apprendre \u00e0 cuisiner avec les produits disponibles permet de r\u00e9duire le gaspillage alimentaire.<\/p>\n\n\n<p>La capacit\u00e9 \u00e0 pr\u00e9parer des repas \u00e9conomiques favorise \u00e9galement le <strong>partage<\/strong> et la convivialit\u00e9, en rassemblant la famille autour de la table. Cuisiner ensemble et d\u00e9couvrir de nouvelles recettes peut devenir une activit\u00e9 agr\u00e9able et enrichissante.<\/p>\n\n\n<p>En somme, savoir composer des plats complets \u00e0 petit budget est une comp\u00e9tence pr\u00e9cieuse, qui a des r\u00e9percussions positives sur la sant\u00e9, le portefeuille et les relations sociales.<\/p>\n\n\n\n<ul class=\"wp-block-list\">\n\n<li><strong>Planifiez vos repas<\/strong> : \u00c9tablissez un menu pour la semaine afin de n&rsquo;acheter que les ingr\u00e9dients n\u00e9cessaires et d&rsquo;\u00e9viter les achats impulsifs.<\/li>\n\n\n<li><strong>Faites la liste des courses<\/strong> : Avant d&rsquo;aller au supermarch\u00e9, cr\u00e9ez une liste pr\u00e9cise pour vous aider \u00e0 rester concentr\u00e9 sur ce dont vous avez r\u00e9ellement besoin.<\/li>\n\n\n<li><strong>Profitez des promotions<\/strong> : Surveillez les promotions et les r\u00e9ductions dans votre supermarch\u00e9 local pour faire des \u00e9conomies sur vos produits pr\u00e9f\u00e9r\u00e9s.<\/li>\n\n\n<li><strong>Achetez des produits de saison<\/strong> : Les fruits et l\u00e9gumes de saison sont souvent moins chers et plus go\u00fbteux. Ils constituent de bonnes bases pour vos plats.<\/li>\n\n\n<li><strong>Optez pour les marques de distributeur<\/strong> : Les produits de marque distributeur sont g\u00e9n\u00e9ralement moins chers que les grandes marques, tout en offrant une qualit\u00e9 similaire.<\/li>\n\n\n<li><strong>\u00c9vitez les produits frais emball\u00e9s<\/strong> : Privil\u00e9giez les ingr\u00e9dients en vrac ou non emball\u00e9s, souvent plus \u00e9conomiques.<\/li>\n\n\n<li><strong>Cuisinez en grande quantit\u00e9<\/strong> : Pr\u00e9parez des plats qui se conservent bien, comme les soupes ou les rago\u00fbts, pour avoir des restes \u00e0 manger le lendemain.<\/li>\n\n\n<li><strong>Utilisez des l\u00e9gumes congel\u00e9s<\/strong> : Ils sont souvent moins chers et vous \u00e9vitent le gaspillage, car ils se conservent plus longtemps.<\/li>\n\n\n<li><strong>Faites vos courses en dehors des heures de pointe<\/strong> : Le choix des produits est souvent meilleur, ce qui peut vous inciter \u00e0 acheter des articles en promotion.<\/li>\n\n\n<li><strong>Recherchez des recettes \u00e9conomiques<\/strong> : Toutes les recettes ne n\u00e9cessitent pas des ingr\u00e9dients co\u00fbteux. Il existe de nombreuses pr\u00e9parations savoureuses qui respectent votre budget.<\/li>\n\n<\/ul>\n\n\n\n<h2 class=\"wp-block-heading\">Ingr\u00e9dients pour 4 personnes<\/h2>\n\n\n<ul class=\"wp-block-list\">\n\n<li><strong>400 g<\/strong> de haricots rouges (en bo\u00eete ou secs)<\/li>\n\n\n<li><strong>2<\/strong> tomates pel\u00e9es (en conserve)<\/li>\n\n\n<li><strong>1<\/strong> oignon<\/li>\n\n\n<li><strong>2<\/strong> gousses d&rsquo;ail<\/li>\n\n\n<li><strong>1<\/strong> poivron (couleur au choix)<\/li>\n\n\n<li><strong>1<\/strong> cuill\u00e8re \u00e0 soupe d&rsquo;huile d&rsquo;olive<\/li>\n\n\n<li><strong>1<\/strong> cuill\u00e8re \u00e0 caf\u00e9 de cumin<\/li>\n\n\n<li><strong>1<\/strong> cuill\u00e8re \u00e0 caf\u00e9 de paprika<\/li>\n\n\n<li><strong>1<\/strong> cuill\u00e8re \u00e0 caf\u00e9 d&rsquo;origan<\/li>\n\n\n<li><strong>Sel<\/strong> et <strong>poivre<\/strong> au go\u00fbt<\/li>\n\n\n<li><strong>200 ml<\/strong> de bouillon de l\u00e9gumes<\/li>\n\n\n<li><strong>100 g<\/strong> de ma\u00efs (en bo\u00eete ou surgel\u00e9)<\/li>\n\n\n<li><strong>Du riz<\/strong> (environ <strong>300 g<\/strong> pour accompagner)<\/li>\n\n<\/ul>\n\n\n<h2 class=\"wp-block-heading\">\u00c9tapes de pr\u00e9paration<\/h2>\n\n\n<ol class=\"wp-block-list\">\n\n<li><strong>Pr\u00e9parer les ingr\u00e9dients<\/strong> : Si vous utilisez des haricots secs, faites-les tremper pendant 8 heures puis cuisez-les pendant 1 heure. \u00c9gouttez et rincez les haricots en bo\u00eete. \u00c9mincez l&rsquo;oignon et l&rsquo;ail, puis coupez le poivron en petits d\u00e9s.<\/li>\n\n\n<li><strong>Faire revenir l&rsquo;oignon et l&rsquo;ail<\/strong> : Dans une grande casserole, chauffez l&rsquo;huile d&rsquo;olive \u00e0 feu moyen. Ajoutez l&rsquo;oignon et l&rsquo;ail, puis faites revenir jusqu&rsquo;\u00e0 ce qu&rsquo;ils soient dor\u00e9s.<\/li>\n\n\n<li><strong>Ajouter le poivron<\/strong> : Incorporez les d\u00e9s de poivron et faites cuire pendant 5 minutes, en remuant r\u00e9guli\u00e8rement.<\/li>\n\n\n<li><strong>Incorporer les \u00e9pices<\/strong> : Ajoutez le cumin, le paprika et l&rsquo;origan. M\u00e9langez bien pour que les \u00e9pices lib\u00e8rent leurs ar\u00f4mes.<\/li>\n\n\n<li><strong>Ajouter les tomates et le bouillon<\/strong>: Incorporez les tomates pel\u00e9es, les haricots rouges, le ma\u00efs et le bouillon de l\u00e9gumes. M\u00e9langez le tout.<\/li>\n\n\n<li><strong>Cuire le chili<\/strong> : Laissez mijoter \u00e0 couvert pendant environ 20 minutes. Remuez de temps en temps et ajustez l&rsquo;assaisonnement avec du sel et du poivre.<\/li>\n\n\n<li><strong>Cuisiner le riz<\/strong> : Pendant que le chili mijote, faites cuire le riz selon les instructions sur l&#8217;emballage.<\/li>\n\n\n<li><strong>Servir<\/strong> : R\u00e9partissez le riz dans les assiettes et ajoutez une g\u00e9n\u00e9reuse portion de chili dessus.<\/li>\n\n<\/ol>\n\n\n<h2 class=\"wp-block-heading\">Temps de cuisson<\/h2>\n\n\n<p><strong>Temps de pr\u00e9paration<\/strong> : 15 minutes<\/p>\n\n\n<p><strong>Temps de cuisson<\/strong> : 25 minutes<\/p>\n\n\n<p><strong>Total<\/strong> : 40 minutes<\/p>\n\n\n<h2 class=\"wp-block-heading\">Co\u00fbt total estim\u00e9<\/h2>\n\n\n<p>Environ <strong>8 \u00e0 9 euros<\/strong> selon les enseignes et les promotions.<\/p>\n\n\n<figure class='wp-block-image size-full'>\n<img width=\"1344\" height=\"768\" src=\"https:\/\/tulasdit.fr\/blog\/wp-content\/uploads\/2024\/12\/Comment-faire-un-repas-complet-pour-moins-de-10-euros-.png\" class=\"attachment-full size-full\" alt=\"d\u00e9couvrez nos astuces et recettes pour pr\u00e9parer un repas complet savoureux et \u00e9quilibr\u00e9 pour moins de 10 euros. \u00e9conomisez tout en vous r\u00e9galant avec des ingr\u00e9dients simples et accessibles. parfait pour les petits budgets et les gourmands !\" decoding=\"async\" loading=\"lazy\" \/>\n<\/figure>\n\n\n\n<p>Pr\u00e9parer un repas <strong>\u00e9quilibr\u00e9<\/strong> et <strong>savoureux<\/strong> sans se ruiner est tout \u00e0 fait possible ! Commencez par choisir des ingr\u00e9dients de saison, qui sont souvent moins chers et plus frais. Optez pour des <strong>c\u00e9r\u00e9ales<\/strong>, des <strong>l\u00e9gumes<\/strong> et des <strong>prot\u00e9ines<\/strong> accessibles comme les <strong>\u0153ufs<\/strong> ou les <strong>l\u00e9gumineuses<\/strong>. Ces aliments sont nutritifs et vous permettront de concocter un plat d\u00e9licieux.<\/p>\n\n\n<p>Pensez aussi \u00e0 la <strong>pr\u00e9paration en grande quantit\u00e9<\/strong> : cuisiner plusieurs portions \u00e0 la fois est un excellent moyen d&rsquo;\u00e9conomiser. Vous pouvez utiliser les restes pour un repas rapide le lendemain ou les congeler pour plus tard. N&rsquo;oubliez pas d&rsquo;assaisonner vos plats avec des <strong>\u00e9pices<\/strong> abordables qui rehausseront les saveurs sans augmenter le co\u00fbt.<\/p>\n\n\n<p>S&rsquo;amuser en cuisine est essentiel, alors n&rsquo;h\u00e9sitez pas \u00e0 exp\u00e9rimenter avec ce que vous avez sous la main ! Testez ces conseils et d\u00e9couvrez combien il est facile de bien manger tout en respectant votre budget. Alors, \u00e0 vos fourneaux !<\/p>\n\n\n<figure class=\"wp-block-embed is-type-video is-provider-youtube wp-block-embed-youtube wp-embed-aspect-16-9 wp-has-aspect-ratio\">\n<div class=\"wp-block-embed__wrapper\">\n<iframe loading=\"lazy\" title=\"Id\u00e9e recette RAPIDE 30 MIN \u00e9quilibr\u00e9e\" width=\"1200\" height=\"675\" src=\"https:\/\/www.youtube.com\/embed\/0WXPRYBaDhc?feature=oembed\" frameborder=\"0\" allow=\"accelerometer; autoplay; clipboard-write; encrypted-media; gyroscope; picture-in-picture; web-share\" referrerpolicy=\"strict-origin-when-cross-origin\" allowfullscreen><\/iframe>\n<\/div>\n<\/figure>\n","protected":false},"excerpt":{"rendered":"","protected":false},"author":43,"featured_media":7419,"parent":7395,"menu_order":0,"comment_status":"closed","ping_status":"closed","template":"","meta":{"_acf_changed":false,"manual_indexmenow":false,"indexmenow_id_project":0,"footnotes":""},"class_list":["post-7417","page","type-page","status-publish","has-post-thumbnail"],"acf":[],"yoast_head":"<!-- This site is optimized with the Yoast SEO Premium plugin v21.3 (Yoast SEO v26.5) - https:\/\/yoast.com\/wordpress\/plugins\/seo\/ -->\n<title>Comment faire un repas complet pour moins de 10 euros ?<\/title>\n<meta name=\"description\" content=\"Dans un monde o\u00f9 les prix des courses ne cessent d\u2019augmenter, il devient crucial de ma\u00eetriser l&#039;art de cuisiner des repas savoureux sans exploser son\" \/>\n<meta name=\"robots\" content=\"index, follow, max-snippet:-1, max-image-preview:large, max-video-preview:-1\" \/>\n<link rel=\"canonical\" href=\"https:\/\/tulasdit.fr\/blog\/recettes-faciles-et-economiques-2\/quelles-recettes-economiques-pour-les-repas-en-famille\/comment-faire-un-repas-complet-pour-moins-de-10-euros\/\" \/>\n<meta property=\"og:locale\" content=\"fr_FR\" \/>\n<meta property=\"og:type\" content=\"article\" \/>\n<meta property=\"og:title\" content=\"Comment faire un repas complet pour moins de 10 euros ?\" \/>\n<meta property=\"og:description\" content=\"Dans un monde o\u00f9 les prix des courses ne cessent d\u2019augmenter, il devient crucial de ma\u00eetriser l&#039;art de cuisiner des repas savoureux sans exploser son\" \/>\n<meta property=\"og:url\" content=\"https:\/\/tulasdit.fr\/blog\/recettes-faciles-et-economiques-2\/quelles-recettes-economiques-pour-les-repas-en-famille\/comment-faire-un-repas-complet-pour-moins-de-10-euros\/\" \/>\n<meta property=\"og:site_name\" content=\"tulasdit.fr\" \/>\n<meta property=\"og:image\" content=\"https:\/\/tulasdit.fr\/blog\/wp-content\/uploads\/2024\/12\/Comment-faire-un-repas-complet-pour-moins-de-10-euros-.png\" \/>\n<meta name=\"twitter:card\" content=\"summary_large_image\" \/>\n<script type=\"application\/ld+json\" class=\"yoast-schema-graph\">{\"@context\":\"https:\/\/schema.org\",\"@graph\":[{\"@type\":\"WebPage\",\"@id\":\"https:\/\/tulasdit.fr\/blog\/recettes-faciles-et-economiques-2\/quelles-recettes-economiques-pour-les-repas-en-famille\/comment-faire-un-repas-complet-pour-moins-de-10-euros\/\",\"url\":\"https:\/\/tulasdit.fr\/blog\/recettes-faciles-et-economiques-2\/quelles-recettes-economiques-pour-les-repas-en-famille\/comment-faire-un-repas-complet-pour-moins-de-10-euros\/\",\"name\":\"Comment faire un repas complet pour moins de 10 euros ?\",\"isPartOf\":{\"@id\":\"https:\/\/tulasdit.fr\/blog\/#website\"},\"primaryImageOfPage\":{\"@id\":\"https:\/\/tulasdit.fr\/blog\/recettes-faciles-et-economiques-2\/quelles-recettes-economiques-pour-les-repas-en-famille\/comment-faire-un-repas-complet-pour-moins-de-10-euros\/#primaryimage\"},\"image\":{\"@id\":\"https:\/\/tulasdit.fr\/blog\/recettes-faciles-et-economiques-2\/quelles-recettes-economiques-pour-les-repas-en-famille\/comment-faire-un-repas-complet-pour-moins-de-10-euros\/#primaryimage\"},\"thumbnailUrl\":\"https:\/\/tulasdit.fr\/blog\/wp-content\/uploads\/2024\/12\/Comment-faire-un-repas-complet-pour-moins-de-10-euros-1-1.png\",\"datePublished\":\"2024-12-21T13:56:21+00:00\",\"description\":\"Dans un monde o\u00f9 les prix des courses ne cessent d\u2019augmenter, il devient crucial de ma\u00eetriser l'art de cuisiner des repas savoureux sans exploser son\",\"breadcrumb\":{\"@id\":\"https:\/\/tulasdit.fr\/blog\/recettes-faciles-et-economiques-2\/quelles-recettes-economiques-pour-les-repas-en-famille\/comment-faire-un-repas-complet-pour-moins-de-10-euros\/#breadcrumb\"},\"inLanguage\":\"fr-FR\",\"potentialAction\":[{\"@type\":\"ReadAction\",\"target\":[\"https:\/\/tulasdit.fr\/blog\/recettes-faciles-et-economiques-2\/quelles-recettes-economiques-pour-les-repas-en-famille\/comment-faire-un-repas-complet-pour-moins-de-10-euros\/\"]}]},{\"@type\":\"ImageObject\",\"inLanguage\":\"fr-FR\",\"@id\":\"https:\/\/tulasdit.fr\/blog\/recettes-faciles-et-economiques-2\/quelles-recettes-economiques-pour-les-repas-en-famille\/comment-faire-un-repas-complet-pour-moins-de-10-euros\/#primaryimage\",\"url\":\"https:\/\/tulasdit.fr\/blog\/wp-content\/uploads\/2024\/12\/Comment-faire-un-repas-complet-pour-moins-de-10-euros-1-1.png\",\"contentUrl\":\"https:\/\/tulasdit.fr\/blog\/wp-content\/uploads\/2024\/12\/Comment-faire-un-repas-complet-pour-moins-de-10-euros-1-1.png\",\"width\":1344,\"height\":768,\"caption\":\"d\u00e9couvrez des astuces et des recettes savoureuses pour pr\u00e9parer un repas complet en toute simplicit\u00e9, le tout pour moins de 10 euros. apprenez \u00e0 allier budget et gastronomie tout en r\u00e9galant vos proches.\"},{\"@type\":\"BreadcrumbList\",\"@id\":\"https:\/\/tulasdit.fr\/blog\/recettes-faciles-et-economiques-2\/quelles-recettes-economiques-pour-les-repas-en-famille\/comment-faire-un-repas-complet-pour-moins-de-10-euros\/#breadcrumb\",\"itemListElement\":[{\"@type\":\"ListItem\",\"position\":1,\"name\":\"Recettes Faciles et \u00c9conomiques\",\"item\":\"https:\/\/tulasdit.fr\/blog\/recettes-faciles-et-economiques-2\/\"},{\"@type\":\"ListItem\",\"position\":2,\"name\":\"Quelles recettes \u00e9conomiques pour les repas en famille ?\",\"item\":\"https:\/\/tulasdit.fr\/blog\/recettes-faciles-et-economiques-2\/quelles-recettes-economiques-pour-les-repas-en-famille\/\"},{\"@type\":\"ListItem\",\"position\":3,\"name\":\"Comment faire un repas complet pour moins de 10 euros ?\"}]},{\"@type\":\"WebSite\",\"@id\":\"https:\/\/tulasdit.fr\/blog\/#website\",\"url\":\"https:\/\/tulasdit.fr\/blog\/\",\"name\":\"tulasdit.fr\",\"description\":\"Votre source d\u2019inspiration quotidienne.\",\"alternateName\":\"Votre source d\u2019inspiration quotidienne.\",\"potentialAction\":[{\"@type\":\"SearchAction\",\"target\":{\"@type\":\"EntryPoint\",\"urlTemplate\":\"https:\/\/tulasdit.fr\/blog\/?s={search_term_string}\"},\"query-input\":{\"@type\":\"PropertyValueSpecification\",\"valueRequired\":true,\"valueName\":\"search_term_string\"}}],\"inLanguage\":\"fr-FR\"}]}<\/script>\n<!-- \/ Yoast SEO Premium plugin. -->","yoast_head_json":{"title":"Comment faire un repas complet pour moins de 10 euros ?","description":"Dans un monde o\u00f9 les prix des courses ne cessent d\u2019augmenter, il devient crucial de ma\u00eetriser l'art de cuisiner des repas savoureux sans exploser son","robots":{"index":"index","follow":"follow","max-snippet":"max-snippet:-1","max-image-preview":"max-image-preview:large","max-video-preview":"max-video-preview:-1"},"canonical":"https:\/\/tulasdit.fr\/blog\/recettes-faciles-et-economiques-2\/quelles-recettes-economiques-pour-les-repas-en-famille\/comment-faire-un-repas-complet-pour-moins-de-10-euros\/","og_locale":"fr_FR","og_type":"article","og_title":"Comment faire un repas complet pour moins de 10 euros ?","og_description":"Dans un monde o\u00f9 les prix des courses ne cessent d\u2019augmenter, il devient crucial de ma\u00eetriser l'art de cuisiner des repas savoureux sans exploser son","og_url":"https:\/\/tulasdit.fr\/blog\/recettes-faciles-et-economiques-2\/quelles-recettes-economiques-pour-les-repas-en-famille\/comment-faire-un-repas-complet-pour-moins-de-10-euros\/","og_site_name":"tulasdit.fr","og_image":[{"url":"https:\/\/tulasdit.fr\/blog\/wp-content\/uploads\/2024\/12\/Comment-faire-un-repas-complet-pour-moins-de-10-euros-.png","type":"","width":"","height":""}],"twitter_card":"summary_large_image","schema":{"@context":"https:\/\/schema.org","@graph":[{"@type":"WebPage","@id":"https:\/\/tulasdit.fr\/blog\/recettes-faciles-et-economiques-2\/quelles-recettes-economiques-pour-les-repas-en-famille\/comment-faire-un-repas-complet-pour-moins-de-10-euros\/","url":"https:\/\/tulasdit.fr\/blog\/recettes-faciles-et-economiques-2\/quelles-recettes-economiques-pour-les-repas-en-famille\/comment-faire-un-repas-complet-pour-moins-de-10-euros\/","name":"Comment faire un repas complet pour moins de 10 euros ?","isPartOf":{"@id":"https:\/\/tulasdit.fr\/blog\/#website"},"primaryImageOfPage":{"@id":"https:\/\/tulasdit.fr\/blog\/recettes-faciles-et-economiques-2\/quelles-recettes-economiques-pour-les-repas-en-famille\/comment-faire-un-repas-complet-pour-moins-de-10-euros\/#primaryimage"},"image":{"@id":"https:\/\/tulasdit.fr\/blog\/recettes-faciles-et-economiques-2\/quelles-recettes-economiques-pour-les-repas-en-famille\/comment-faire-un-repas-complet-pour-moins-de-10-euros\/#primaryimage"},"thumbnailUrl":"https:\/\/tulasdit.fr\/blog\/wp-content\/uploads\/2024\/12\/Comment-faire-un-repas-complet-pour-moins-de-10-euros-1-1.png","datePublished":"2024-12-21T13:56:21+00:00","description":"Dans un monde o\u00f9 les prix des courses ne cessent d\u2019augmenter, il devient crucial de ma\u00eetriser l'art de cuisiner des repas savoureux sans exploser son","breadcrumb":{"@id":"https:\/\/tulasdit.fr\/blog\/recettes-faciles-et-economiques-2\/quelles-recettes-economiques-pour-les-repas-en-famille\/comment-faire-un-repas-complet-pour-moins-de-10-euros\/#breadcrumb"},"inLanguage":"fr-FR","potentialAction":[{"@type":"ReadAction","target":["https:\/\/tulasdit.fr\/blog\/recettes-faciles-et-economiques-2\/quelles-recettes-economiques-pour-les-repas-en-famille\/comment-faire-un-repas-complet-pour-moins-de-10-euros\/"]}]},{"@type":"ImageObject","inLanguage":"fr-FR","@id":"https:\/\/tulasdit.fr\/blog\/recettes-faciles-et-economiques-2\/quelles-recettes-economiques-pour-les-repas-en-famille\/comment-faire-un-repas-complet-pour-moins-de-10-euros\/#primaryimage","url":"https:\/\/tulasdit.fr\/blog\/wp-content\/uploads\/2024\/12\/Comment-faire-un-repas-complet-pour-moins-de-10-euros-1-1.png","contentUrl":"https:\/\/tulasdit.fr\/blog\/wp-content\/uploads\/2024\/12\/Comment-faire-un-repas-complet-pour-moins-de-10-euros-1-1.png","width":1344,"height":768,"caption":"d\u00e9couvrez des astuces et des recettes savoureuses pour pr\u00e9parer un repas complet en toute simplicit\u00e9, le tout pour moins de 10 euros. apprenez \u00e0 allier budget et gastronomie tout en r\u00e9galant vos proches."},{"@type":"BreadcrumbList","@id":"https:\/\/tulasdit.fr\/blog\/recettes-faciles-et-economiques-2\/quelles-recettes-economiques-pour-les-repas-en-famille\/comment-faire-un-repas-complet-pour-moins-de-10-euros\/#breadcrumb","itemListElement":[{"@type":"ListItem","position":1,"name":"Recettes Faciles et \u00c9conomiques","item":"https:\/\/tulasdit.fr\/blog\/recettes-faciles-et-economiques-2\/"},{"@type":"ListItem","position":2,"name":"Quelles recettes \u00e9conomiques pour les repas en famille ?","item":"https:\/\/tulasdit.fr\/blog\/recettes-faciles-et-economiques-2\/quelles-recettes-economiques-pour-les-repas-en-famille\/"},{"@type":"ListItem","position":3,"name":"Comment faire un repas complet pour moins de 10 euros ?"}]},{"@type":"WebSite","@id":"https:\/\/tulasdit.fr\/blog\/#website","url":"https:\/\/tulasdit.fr\/blog\/","name":"tulasdit.fr","description":"Votre source d\u2019inspiration quotidienne.","alternateName":"Votre source d\u2019inspiration quotidienne.","potentialAction":[{"@type":"SearchAction","target":{"@type":"EntryPoint","urlTemplate":"https:\/\/tulasdit.fr\/blog\/?s={search_term_string}"},"query-input":{"@type":"PropertyValueSpecification","valueRequired":true,"valueName":"search_term_string"}}],"inLanguage":"fr-FR"}]}},"_links":{"self":[{"href":"https:\/\/tulasdit.fr\/blog\/wp-json\/wp\/v2\/pages\/7417","targetHints":{"allow":["GET"]}}],"collection":[{"href":"https:\/\/tulasdit.fr\/blog\/wp-json\/wp\/v2\/pages"}],"about":[{"href":"https:\/\/tulasdit.fr\/blog\/wp-json\/wp\/v2\/types\/page"}],"author":[{"embeddable":true,"href":"https:\/\/tulasdit.fr\/blog\/wp-json\/wp\/v2\/users\/43"}],"replies":[{"embeddable":true,"href":"https:\/\/tulasdit.fr\/blog\/wp-json\/wp\/v2\/comments?post=7417"}],"version-history":[{"count":0,"href":"https:\/\/tulasdit.fr\/blog\/wp-json\/wp\/v2\/pages\/7417\/revisions"}],"up":[{"embeddable":true,"href":"https:\/\/tulasdit.fr\/blog\/wp-json\/wp\/v2\/pages\/7395"}],"wp:featuredmedia":[{"embeddable":true,"href":"https:\/\/tulasdit.fr\/blog\/wp-json\/wp\/v2\/media\/7419"}],"wp:attachment":[{"href":"https:\/\/tulasdit.fr\/blog\/wp-json\/wp\/v2\/media?parent=7417"}],"curies":[{"name":"wp","href":"https:\/\/api.w.org\/{rel}","templated":true}]}}