{"id":9797,"date":"2026-04-01T23:53:58","date_gmt":"2026-04-01T21:53:58","guid":{"rendered":"https:\/\/tulasdit.fr\/blog\/?page_id=9797"},"modified":"2026-04-01T23:53:58","modified_gmt":"2026-04-01T21:53:58","slug":"lexique","status":"publish","type":"page","link":"https:\/\/tulasdit.fr\/blog\/lexique\/","title":{"rendered":"Lexique"},"content":{"rendered":"<p>&nbsp;<\/p>\n<p><b>B<\/b><\/p>\n<ul>\n<li style=\"font-weight: 400;\" aria-level=\"1\"><b>Bicarbonate de soude<\/b><span style=\"font-weight: 400;\"> : poudre blanche aux propri\u00e9t\u00e9s nettoyantes, d\u00e9sodorisantes et l\u00e9g\u00e8rement abrasives, utilis\u00e9e dans de nombreuses recettes m\u00e9nag\u00e8res naturelles.<\/span><\/li>\n<\/ul>\n<p><b>N<\/b><\/p>\n<ul>\n<li style=\"font-weight: 400;\" aria-level=\"1\"><b>Nettoyant multi-usages maison<\/b><span style=\"font-weight: 400;\"> : pr\u00e9paration faite maison \u00e0 partir d&rsquo;ingr\u00e9dients naturels (vinaigre, bicarbonate, huiles essentielles) rempla\u00e7ant plusieurs produits m\u00e9nagers commerciaux.<\/span><\/li>\n<\/ul>\n<p><b>V<\/b><\/p>\n<ul>\n<li style=\"font-weight: 400;\" aria-level=\"1\"><b>Vinaigre blanc<\/b><span style=\"font-weight: 400;\"> : solution acide naturelle aux propri\u00e9t\u00e9s d\u00e9tartrantes, d\u00e9sinfectantes et d\u00e9graissantes, pilier de l&rsquo;entretien m\u00e9nager \u00e9cologique.<\/span><\/li>\n<\/ul>\n","protected":false},"excerpt":{"rendered":"","protected":false},"author":34,"featured_media":0,"parent":0,"menu_order":0,"comment_status":"closed","ping_status":"closed","template":"","meta":{"_acf_changed":false,"manual_indexmenow":false,"indexmenow_id_project":0,"footnotes":""},"class_list":["post-9797","page","type-page","status-publish"],"acf":[],"yoast_head":"<!-- This site is optimized with the Yoast SEO Premium plugin v21.3 (Yoast SEO v26.5) - https:\/\/yoast.com\/wordpress\/plugins\/seo\/ -->\n<title>Lexique<\/title>\n<meta name=\"description\" content=\"&nbsp; B Bicarbonate de soude : poudre blanche aux propri\u00e9t\u00e9s nettoyantes, d\u00e9sodorisantes et l\u00e9g\u00e8rement abrasives, utilis\u00e9e dans de nombreuses recettes\" \/>\n<meta name=\"robots\" content=\"index, follow, max-snippet:-1, max-image-preview:large, max-video-preview:-1\" \/>\n<link rel=\"canonical\" href=\"https:\/\/tulasdit.fr\/blog\/lexique\/\" \/>\n<meta property=\"og:locale\" content=\"fr_FR\" \/>\n<meta property=\"og:type\" content=\"article\" \/>\n<meta property=\"og:title\" content=\"Lexique\" \/>\n<meta property=\"og:description\" content=\"&nbsp; B Bicarbonate de soude : poudre blanche aux propri\u00e9t\u00e9s nettoyantes, d\u00e9sodorisantes et l\u00e9g\u00e8rement abrasives, utilis\u00e9e dans de nombreuses recettes\" \/>\n<meta property=\"og:url\" content=\"https:\/\/tulasdit.fr\/blog\/lexique\/\" \/>\n<meta property=\"og:site_name\" content=\"tulasdit.fr\" \/>\n<meta name=\"twitter:card\" content=\"summary_large_image\" \/>\n<script type=\"application\/ld+json\" class=\"yoast-schema-graph\">{\"@context\":\"https:\/\/schema.org\",\"@graph\":[{\"@type\":\"WebPage\",\"@id\":\"https:\/\/tulasdit.fr\/blog\/lexique\/\",\"url\":\"https:\/\/tulasdit.fr\/blog\/lexique\/\",\"name\":\"Lexique\",\"isPartOf\":{\"@id\":\"https:\/\/tulasdit.fr\/blog\/#website\"},\"datePublished\":\"2026-04-01T21:53:58+00:00\",\"description\":\"&nbsp; B Bicarbonate de soude : poudre blanche aux propri\u00e9t\u00e9s nettoyantes, d\u00e9sodorisantes et l\u00e9g\u00e8rement abrasives, utilis\u00e9e dans de nombreuses recettes\",\"inLanguage\":\"fr-FR\",\"potentialAction\":[{\"@type\":\"ReadAction\",\"target\":[\"https:\/\/tulasdit.fr\/blog\/lexique\/\"]}]},{\"@type\":\"WebSite\",\"@id\":\"https:\/\/tulasdit.fr\/blog\/#website\",\"url\":\"https:\/\/tulasdit.fr\/blog\/\",\"name\":\"tulasdit.fr\",\"description\":\"Votre source d\u2019inspiration quotidienne.\",\"alternateName\":\"Votre source d\u2019inspiration quotidienne.\",\"potentialAction\":[{\"@type\":\"SearchAction\",\"target\":{\"@type\":\"EntryPoint\",\"urlTemplate\":\"https:\/\/tulasdit.fr\/blog\/?s={search_term_string}\"},\"query-input\":{\"@type\":\"PropertyValueSpecification\",\"valueRequired\":true,\"valueName\":\"search_term_string\"}}],\"inLanguage\":\"fr-FR\"}]}<\/script>\n<!-- \/ Yoast SEO Premium plugin. -->","yoast_head_json":{"title":"Lexique","description":"&nbsp; B Bicarbonate de soude : poudre blanche aux propri\u00e9t\u00e9s nettoyantes, d\u00e9sodorisantes et l\u00e9g\u00e8rement abrasives, utilis\u00e9e dans de nombreuses recettes","robots":{"index":"index","follow":"follow","max-snippet":"max-snippet:-1","max-image-preview":"max-image-preview:large","max-video-preview":"max-video-preview:-1"},"canonical":"https:\/\/tulasdit.fr\/blog\/lexique\/","og_locale":"fr_FR","og_type":"article","og_title":"Lexique","og_description":"&nbsp; B Bicarbonate de soude : poudre blanche aux propri\u00e9t\u00e9s nettoyantes, d\u00e9sodorisantes et l\u00e9g\u00e8rement abrasives, utilis\u00e9e dans de nombreuses recettes","og_url":"https:\/\/tulasdit.fr\/blog\/lexique\/","og_site_name":"tulasdit.fr","twitter_card":"summary_large_image","schema":{"@context":"https:\/\/schema.org","@graph":[{"@type":"WebPage","@id":"https:\/\/tulasdit.fr\/blog\/lexique\/","url":"https:\/\/tulasdit.fr\/blog\/lexique\/","name":"Lexique","isPartOf":{"@id":"https:\/\/tulasdit.fr\/blog\/#website"},"datePublished":"2026-04-01T21:53:58+00:00","description":"&nbsp; B Bicarbonate de soude : poudre blanche aux propri\u00e9t\u00e9s nettoyantes, d\u00e9sodorisantes et l\u00e9g\u00e8rement abrasives, utilis\u00e9e dans de nombreuses recettes","inLanguage":"fr-FR","potentialAction":[{"@type":"ReadAction","target":["https:\/\/tulasdit.fr\/blog\/lexique\/"]}]},{"@type":"WebSite","@id":"https:\/\/tulasdit.fr\/blog\/#website","url":"https:\/\/tulasdit.fr\/blog\/","name":"tulasdit.fr","description":"Votre source d\u2019inspiration quotidienne.","alternateName":"Votre source d\u2019inspiration quotidienne.","potentialAction":[{"@type":"SearchAction","target":{"@type":"EntryPoint","urlTemplate":"https:\/\/tulasdit.fr\/blog\/?s={search_term_string}"},"query-input":{"@type":"PropertyValueSpecification","valueRequired":true,"valueName":"search_term_string"}}],"inLanguage":"fr-FR"}]}},"_links":{"self":[{"href":"https:\/\/tulasdit.fr\/blog\/wp-json\/wp\/v2\/pages\/9797","targetHints":{"allow":["GET"]}}],"collection":[{"href":"https:\/\/tulasdit.fr\/blog\/wp-json\/wp\/v2\/pages"}],"about":[{"href":"https:\/\/tulasdit.fr\/blog\/wp-json\/wp\/v2\/types\/page"}],"author":[{"embeddable":true,"href":"https:\/\/tulasdit.fr\/blog\/wp-json\/wp\/v2\/users\/34"}],"replies":[{"embeddable":true,"href":"https:\/\/tulasdit.fr\/blog\/wp-json\/wp\/v2\/comments?post=9797"}],"version-history":[{"count":1,"href":"https:\/\/tulasdit.fr\/blog\/wp-json\/wp\/v2\/pages\/9797\/revisions"}],"predecessor-version":[{"id":9799,"href":"https:\/\/tulasdit.fr\/blog\/wp-json\/wp\/v2\/pages\/9797\/revisions\/9799"}],"wp:attachment":[{"href":"https:\/\/tulasdit.fr\/blog\/wp-json\/wp\/v2\/media?parent=9797"}],"curies":[{"name":"wp","href":"https:\/\/api.w.org\/{rel}","templated":true}]}}